{"id":8300,"date":"2015-11-20T10:22:44","date_gmt":"2015-11-20T09:22:44","guid":{"rendered":"https:\/\/marjan-workout.com\/account\/"},"modified":"2022-02-28T08:02:16","modified_gmt":"2022-02-28T07:02:16","slug":"account","status":"publish","type":"page","link":"https:\/\/marjan-workout.com\/en\/account\/","title":{"rendered":"Account"},"content":{"rendered":"\t\t<div data-elementor-type=\"wp-page\" data-elementor-id=\"8300\" class=\"elementor elementor-8300 elementor-2958\">\n\t\t\t\t\t\t\t\t\t<section class=\"elementor-section elementor-top-section elementor-element elementor-element-b60a68e elementor-section-boxed elementor-section-height-default elementor-section-height-default\" data-id=\"b60a68e\" data-element_type=\"section\">\n\t\t\t\t\t\t<div class=\"elementor-container elementor-column-gap-default\">\n\t\t\t\t\t<div class=\"elementor-column elementor-col-100 elementor-top-column elementor-element elementor-element-9137e4c\" data-id=\"9137e4c\" data-element_type=\"column\">\n\t\t\t<div class=\"elementor-widget-wrap elementor-element-populated\">\n\t\t\t\t\t\t\t\t<section class=\"elementor-section elementor-inner-section elementor-element elementor-element-f7470da elementor-section-boxed elementor-section-height-default elementor-section-height-default\" data-id=\"f7470da\" data-element_type=\"section\">\n\t\t\t\t\t\t<div class=\"elementor-container elementor-column-gap-default\">\n\t\t\t\t\t<div class=\"elementor-column elementor-col-50 elementor-inner-column elementor-element elementor-element-81b81dc\" data-id=\"81b81dc\" data-element_type=\"column\">\n\t\t\t<div class=\"elementor-widget-wrap elementor-element-populated\">\n\t\t\t\t\t\t\t\t<div class=\"elementor-element elementor-element-d20f980 elementor-widget elementor-widget-shortcode\" data-id=\"d20f980\" data-element_type=\"widget\" data-widget_type=\"shortcode.default\">\n\t\t\t\t<div class=\"elementor-widget-container\">\n\t\t\t\t\t\t<script>\n\t\t\t\tjQuery(\".mo_btn-mo\").prop(\"disabled\",false);\n\t\t\t<\/script>\n\t\t\t\t\t<script type=\"text\/javascript\">\n\t\t\tjQuery(document).ready(function () {\n\t\t\t\tjQuery(\".login-button\").css(\"cursor\", \"pointer\");\n\t\t\t});\n\t\t\tfunction mo_openid_on_consent_change(checkbox){\n\t\t\t\tif (! checkbox.checked) {\n\t\t\t\t\tjQuery('#mo_openid_consent_checkbox').val(1);\n\t\t\t\t\tjQuery(\".mo_btn-mo\").attr(\"disabled\", true);\n\t\t\t\t\tjQuery(\".login-button\").addClass(\"dis\");\n\t\t\t\t} else {\n\t\t\t\t\tjQuery('#mo_openid_consent_checkbox').val(0);\n\t\t\t\t\tjQuery(\".mo_btn-mo\").attr(\"disabled\", false);\n\t\t\t\t\tjQuery(\".login-button\").removeClass(\"dis\");\n\t\t\t\t}\n\t\t\t}\n\n\t\t\tvar perfEntries = performance.getEntriesByType(\"navigation\");\n\n\t\t\tif (perfEntries[0].type === \"back_forward\") {\n\t\t\t\tlocation.reload(true);\n\t\t\t}\n\t\t\tfunction HandlePopupResult(result) {\n\t\t\t\twindow.location = \"https:\/\/marjan-workout.com\";\n\t\t\t}\n\t\t\tfunction moOpenIdLogin(app_name,is_custom_app) {\n\t\t\t\tvar current_url = window.location.href;\n\t\t\t\tvar cookie_name = \"redirect_current_url\";\n\t\t\t\tvar d = new Date();\n\t\t\t\td.setTime(d.getTime() + (2 * 24 * 60 * 60 * 1000));\n\t\t\t\tvar expires = \"expires=\"+d.toUTCString();\n\t\t\t\tdocument.cookie = cookie_name + \"=\" + current_url + \";\" + expires + \";path=\/\";\n\n\t\t\t\t\t\t\t\tvar base_url = 'https:\/\/marjan-workout.com';\n\t\t\t\tvar request_uri = '\/en\/wp-json\/wp\/v2\/pages\/8300';\n\t\t\t\tvar http = 'https:\/\/';\n\t\t\t\tvar http_host = 'marjan-workout.com';\n\t\t\t\tvar default_nonce = '4801382fcc';\n\t\t\t\tvar custom_nonce = '4e67c4ae99';\n\t\t\t\tif(is_custom_app == 'false'){\n\t\t\t\t\tif ( request_uri.indexOf('wp-login.php') !=-1){\n\t\t\t\t\t\tvar redirect_url = base_url + '\/?option=getmosociallogin&wp_nonce=' + default_nonce + '&app_name=';\n\n\t\t\t\t\t}else {\n\t\t\t\t\t\tvar redirect_url = http + http_host + request_uri;\n\t\t\t\t\t\tif(redirect_url.indexOf('?') != -1){\n\t\t\t\t\t\t\tredirect_url = redirect_url +'&option=getmosociallogin&wp_nonce=' + default_nonce + '&app_name=';\n\t\t\t\t\t\t}\n\t\t\t\t\t\telse\n\t\t\t\t\t\t{\n\t\t\t\t\t\t\tredirect_url = redirect_url +'?option=getmosociallogin&wp_nonce=' + default_nonce + '&app_name=';\n\t\t\t\t\t\t}\n\t\t\t\t\t}\n\n\t\t\t\t}\n\t\t\t\telse {\n\t\t\t\t\tif ( request_uri.indexOf('wp-login.php') !=-1){\n\t\t\t\t\t\tvar redirect_url = base_url + '\/?option=oauthredirect&wp_nonce=' + custom_nonce + '&app_name=';\n\n\n\t\t\t\t\t}else {\n\t\t\t\t\t\tvar redirect_url = http + http_host + request_uri;\n\t\t\t\t\t\tif(redirect_url.indexOf('?') != -1)\n\t\t\t\t\t\t\tredirect_url = redirect_url +'&option=oauthredirect&wp_nonce=' + custom_nonce + '&app_name=';\n\t\t\t\t\t\telse\n\t\t\t\t\t\t\tredirect_url = redirect_url +'?option=oauthredirect&wp_nonce=' + custom_nonce + '&app_name=';\n\t\t\t\t\t}\n\n\t\t\t\t}\n\t\t\t\tif( 0) {\n\t\t\t\t\tvar myWindow = window.open(redirect_url + app_name, \"\", \"width=700,height=620\");\n\t\t\t\t}\n\t\t\t\telse{\n\t\t\t\t\twindow.location.href = redirect_url + app_name;\n\t\t\t\t}\n\t\t\t}\n\t\t<\/script>\n\t\t\t\t<div class=\"elementor-shortcode\"><div class='mo-openid-app-icons'>\n\t\t\t\t\t <p style='color:#000000; width: fit-content;'> Connect with<\/p><a   style='margin-left: 4px !important;width: 200px !important;padding-top:6px !important;padding-bottom:6px !important;margin-bottom: -1px !important;border-radius: 4px !important;' class='mo_btn mo_btn-mo mo_btn-block mo_btn-social mo_btn-facebook mo_btn-custom-dec login-button mo_btn_transform_i  ' onClick=\"moOpenIdLogin('facebook','true');\"> <i  class='fab fa-facebook'  style='padding-top:0px !important; margin-top: 0' src='https:\/\/marjan-workout.com\/wp-content\/plugins\/miniorange-login-openid\/includes\/images\/icons\/facebook.png'><\/i>Login with Facebook<\/a><a   style='margin-left: 4px !important;  width: 200px !important;padding-top:6px !important;border-color: #4f71e8; padding-bottom:6px !important;margin-bottom: -1px !important;border-radius: 4px !important;border-color: rgba(79, 113, 232, 1);border-bottom-width: thin;' class='mo_btn mo_btn-mo mo_btn-block mo_btn-social mo_btn-google mo_btn-custom-dec login-button mo_btn_transform' onClick=\"moOpenIdLogin('google','false');\"> <img  class='fa'  style='padding-top:0px !important; margin-top: 0' src='https:\/\/marjan-workout.com\/wp-content\/plugins\/miniorange-login-openid\/includes\/images\/icons\/g.png'>Login with Google<\/a><\/div> <br><\/div>\n\t\t\t\t<\/div>\n\t\t\t\t<\/div>\n\t\t\t\t\t<\/div>\n\t\t<\/div>\n\t\t\t\t<div class=\"elementor-column elementor-col-50 elementor-inner-column elementor-element elementor-element-ea0a713\" data-id=\"ea0a713\" data-element_type=\"column\">\n\t\t\t<div class=\"elementor-widget-wrap elementor-element-populated\">\n\t\t\t\t\t\t\t\t<div class=\"elementor-element elementor-element-ebbf6b8 elementor-widget elementor-widget-thim-login-form\" data-id=\"ebbf6b8\" data-element_type=\"widget\" data-widget_type=\"thim-login-form.default\">\n\t\t\t\t<div class=\"elementor-widget-container\">\n\t\t\t\n<div id=\"thim-form-login\">\n\t<div class=\"thim-login-container\">\n\t\t<div class=\"thim-login\">\n\t\t\t<h2 class=\"title\">Login with your site account<\/h2>\n\t\t\t\n\t\t\t<form name=\"loginform\" action=\"https:\/\/marjan-workout.com\/en\/wp-login.php\" method=\"post\">\n\t\t\t\t<p class=\"login-username\">\n\t\t\t\t\t<label for=\"thim_login\">Username or email<\/label>\n\t\t\t\t\t<input type=\"text\" name=\"log\" class=\"input\" value=\"\" size=\"20\" \/>\n\t\t\t\t<\/p>\n\t\t\t\t<p class=\"login-password\">\n\t\t\t\t\t<label for=\"thim_pass\">Password<\/label>\n\t\t\t\t\t<input type=\"password\" name=\"pwd\" class=\"input\" value=\"\" size=\"20\" \/>\n\t\t\t\t<\/p>\n\n\t\t\t\t\t\t\t<script>\n\t\t\t\tjQuery(\".mo_btn-mo\").prop(\"disabled\",false);\n\t\t\t<\/script>\n\t\t\t\t\t<script type=\"text\/javascript\">\n\t\t\tjQuery(document).ready(function () {\n\t\t\t\tjQuery(\".login-button\").css(\"cursor\", \"pointer\");\n\t\t\t});\n\t\t\tfunction mo_openid_on_consent_change(checkbox){\n\t\t\t\tif (! checkbox.checked) {\n\t\t\t\t\tjQuery('#mo_openid_consent_checkbox').val(1);\n\t\t\t\t\tjQuery(\".mo_btn-mo\").attr(\"disabled\", true);\n\t\t\t\t\tjQuery(\".login-button\").addClass(\"dis\");\n\t\t\t\t} else {\n\t\t\t\t\tjQuery('#mo_openid_consent_checkbox').val(0);\n\t\t\t\t\tjQuery(\".mo_btn-mo\").attr(\"disabled\", false);\n\t\t\t\t\tjQuery(\".login-button\").removeClass(\"dis\");\n\t\t\t\t}\n\t\t\t}\n\n\t\t\tvar perfEntries = performance.getEntriesByType(\"navigation\");\n\n\t\t\tif (perfEntries[0].type === \"back_forward\") {\n\t\t\t\tlocation.reload(true);\n\t\t\t}\n\t\t\tfunction HandlePopupResult(result) {\n\t\t\t\twindow.location = \"https:\/\/marjan-workout.com\";\n\t\t\t}\n\t\t\tfunction moOpenIdLogin(app_name,is_custom_app) {\n\t\t\t\tvar current_url = window.location.href;\n\t\t\t\tvar cookie_name = \"redirect_current_url\";\n\t\t\t\tvar d = new Date();\n\t\t\t\td.setTime(d.getTime() + (2 * 24 * 60 * 60 * 1000));\n\t\t\t\tvar expires = \"expires=\"+d.toUTCString();\n\t\t\t\tdocument.cookie = cookie_name + \"=\" + current_url + \";\" + expires + \";path=\/\";\n\n\t\t\t\t\t\t\t\tvar base_url = 'https:\/\/marjan-workout.com';\n\t\t\t\tvar request_uri = '\/en\/wp-json\/wp\/v2\/pages\/8300';\n\t\t\t\tvar http = 'https:\/\/';\n\t\t\t\tvar http_host = 'marjan-workout.com';\n\t\t\t\tvar default_nonce = '4801382fcc';\n\t\t\t\tvar custom_nonce = '4e67c4ae99';\n\t\t\t\tif(is_custom_app == 'false'){\n\t\t\t\t\tif ( request_uri.indexOf('wp-login.php') !=-1){\n\t\t\t\t\t\tvar redirect_url = base_url + '\/?option=getmosociallogin&wp_nonce=' + default_nonce + '&app_name=';\n\n\t\t\t\t\t}else {\n\t\t\t\t\t\tvar redirect_url = http + http_host + request_uri;\n\t\t\t\t\t\tif(redirect_url.indexOf('?') != -1){\n\t\t\t\t\t\t\tredirect_url = redirect_url +'&option=getmosociallogin&wp_nonce=' + default_nonce + '&app_name=';\n\t\t\t\t\t\t}\n\t\t\t\t\t\telse\n\t\t\t\t\t\t{\n\t\t\t\t\t\t\tredirect_url = redirect_url +'?option=getmosociallogin&wp_nonce=' + default_nonce + '&app_name=';\n\t\t\t\t\t\t}\n\t\t\t\t\t}\n\n\t\t\t\t}\n\t\t\t\telse {\n\t\t\t\t\tif ( request_uri.indexOf('wp-login.php') !=-1){\n\t\t\t\t\t\tvar redirect_url = base_url + '\/?option=oauthredirect&wp_nonce=' + custom_nonce + '&app_name=';\n\n\n\t\t\t\t\t}else {\n\t\t\t\t\t\tvar redirect_url = http + http_host + request_uri;\n\t\t\t\t\t\tif(redirect_url.indexOf('?') != -1)\n\t\t\t\t\t\t\tredirect_url = redirect_url +'&option=oauthredirect&wp_nonce=' + custom_nonce + '&app_name=';\n\t\t\t\t\t\telse\n\t\t\t\t\t\t\tredirect_url = redirect_url +'?option=oauthredirect&wp_nonce=' + custom_nonce + '&app_name=';\n\t\t\t\t\t}\n\n\t\t\t\t}\n\t\t\t\tif( 0) {\n\t\t\t\t\tvar myWindow = window.open(redirect_url + app_name, \"\", \"width=700,height=620\");\n\t\t\t\t}\n\t\t\t\telse{\n\t\t\t\t\twindow.location.href = redirect_url + app_name;\n\t\t\t\t}\n\t\t\t}\n\t\t<\/script>\n\t\t<div class='mo-openid-app-icons'>\n\t\t\t\t\t <p style='color:#000000;width: fit-content'> Connect with<\/p><a style='margin-left: 4px !important;width: 200px !important;padding-top:6px !important;padding-bottom:6px !important;margin-bottom: -1px !important;border-radius: 4px !important' class='mo_btn mo_btn-mo mo_btn-block mo_btn-social mo_btn-facebook mo_btn-custom-dec login-button mo_btn_transform_i  ' onClick=\"moOpenIdLogin('facebook','true');\"> <i class='fab fa-facebook' style='padding-top:0px !important;margin-top: 0' src='https:\/\/marjan-workout.com\/wp-content\/plugins\/miniorange-login-openid\/includes\/images\/icons\/facebook.png'><\/i>Login with Facebook<\/a><a style='margin-left: 4px !important;width: 200px !important;padding-top:6px !important;border-color: #4f71e8;padding-bottom:6px !important;margin-bottom: -1px !important;border-radius: 4px !important;border-bottom-width: thin' class='mo_btn mo_btn-mo mo_btn-block mo_btn-social mo_btn-google mo_btn-custom-dec login-button mo_btn_transform' onClick=\"moOpenIdLogin('google','false');\"> <img class='fa' style='padding-top:0px !important;margin-top: 0' src='https:\/\/marjan-workout.com\/wp-content\/plugins\/miniorange-login-openid\/includes\/images\/icons\/g.png'>Login with Google<\/a><\/div> \n\t\t\t\t<a class=\"lost-pass-link\" href=\"https:\/\/marjan-workout.com\/en\/account\/?action=lostpassword\" title=\"Lost Password\">Lost your password?<\/a>\n\t\t\t\t<p class=\"login-remember\">\n\t\t\t\t\t<label><input name=\"rememberme\" type=\"checkbox\" value=\"forever\" \/>Remember me\t\t\t\t\t<\/label>\n\t\t\t\t<\/p>\n\t\t\t\t<p class=\"login-submit\">\n\t\t\t\t\t<input type=\"submit\" name=\"wp-submit\" class=\"button button-primary\" value=\"Login\" \/>\n\t\t\t\t\t<input type=\"hidden\" name=\"redirect_to\" value=\"https:\/\/marjan-workout.com\/en\/\" \/>\n\t\t\t\t<\/p>\n\t\t\t<\/form>\n\n\t\t\t<p class=\"link-bottom\">Not a member yet? <a class=\"register\" href=\"https:\/\/marjan-workout.com\/en\/account\/?action=register&amp;redirect_to\">Register now<\/a><\/p>\t\t<\/div>\n\t<\/div>\n<\/div>\n\n\n\t\t<\/div>\n\t\t\t\t<\/div>\n\t\t\t\t\t<\/div>\n\t\t<\/div>\n\t\t\t\t\t\t\t<\/div>\n\t\t<\/section>\n\t\t\t\t\t<\/div>\n\t\t<\/div>\n\t\t\t\t\t\t\t<\/div>\n\t\t<\/section>\n\t\t\t\t\t\t\t<\/div>\n\t\t","protected":false},"excerpt":{"rendered":"<p>Prijavi se s postoje\u0107im ra\u010dunom.<br \/>\nKorisni\u010dko ime ili email<\/p>\n<p>Lozinka<\/p>\n<p>Connect with<br \/>\n Login with Facebook Login with Google<br \/>\nJesi li zaboravio svoju lozinku? <br \/>\nZapamti moju prijavu <\/p>\n<p>Jo\u0161 se nisi prijavio? Registriraj se<br \n<\/p>\n","protected":false},"author":10,"featured_media":0,"parent":0,"menu_order":0,"comment_status":"closed","ping_status":"closed","template":"","meta":{"pmpro_default_level":0,"inline_featured_image":false,"footnotes":""},"class_list":["post-8300","page","type-page","status-publish","hentry","pmpro-has-access"],"yoast_head":"<!-- This site is optimized with the Yoast SEO plugin v18.2 - https:\/\/yoast.com\/wordpress\/plugins\/seo\/ -->\n<title>Account | Marjan Workout<\/title>\n<meta name=\"robots\" content=\"noindex, nofollow\" \/>\n<meta property=\"og:locale\" content=\"en_US\" \/>\n<meta property=\"og:type\" content=\"article\" \/>\n<meta property=\"og:title\" content=\"Account | Marjan Workout\" \/>\n<meta property=\"og:description\" content=\"Prijavi se s postoje\u0107im ra\u010dunom. Korisni\u010dko ime ili email Lozinka Connect with Login with Facebook Login with Google Jesi li zaboravio svoju lozinku? Zapamti moju prijavu   Jo\u0161 se nisi prijavio? Registriraj se\" \/>\n<meta property=\"og:url\" content=\"https:\/\/marjan-workout.com\/en\/account\/\" \/>\n<meta property=\"og:site_name\" content=\"Marjan Workout\" \/>\n<meta property=\"article:publisher\" content=\"https:\/\/www.facebook.com\/marjanparksuma\/\" \/>\n<meta property=\"article:modified_time\" content=\"2022-02-28T07:02:16+00:00\" \/>\n<meta property=\"og:image\" content=\"https:\/\/marjan-workout.com\/wp-content\/plugins\/miniorange-login-openid\/includes\/images\/icons\/g.png\" \/>\n<meta name=\"twitter:card\" content=\"summary_large_image\" \/>\n<meta name=\"twitter:label1\" content=\"Est. reading time\" \/>\n\t<meta name=\"twitter:data1\" content=\"1 minute\" \/>\n<script type=\"application\/ld+json\" class=\"yoast-schema-graph\">{\"@context\":\"https:\/\/schema.org\",\"@graph\":[{\"@type\":\"Organization\",\"@id\":\"https:\/\/marjan-workout.com\/#organization\",\"name\":\"Marjan Workout\",\"url\":\"https:\/\/marjan-workout.com\/\",\"sameAs\":[\"https:\/\/www.facebook.com\/marjanparksuma\/\",\"https:\/\/www.instagram.com\/marjanparksuma\/\",\"https:\/\/www.youtube.com\/channel\/UCaRxYs_df7MX6cSz2CQ9vaQ\"],\"logo\":{\"@type\":\"ImageObject\",\"@id\":\"https:\/\/marjan-workout.com\/#logo\",\"inLanguage\":\"en-US\",\"url\":\"https:\/\/marjan-workout.com\/wp-content\/uploads\/2022\/01\/Marjan-Workout-Logo.svg\",\"contentUrl\":\"https:\/\/marjan-workout.com\/wp-content\/uploads\/2022\/01\/Marjan-Workout-Logo.svg\",\"width\":140,\"height\":45,\"caption\":\"Marjan Workout\"},\"image\":{\"@id\":\"https:\/\/marjan-workout.com\/#logo\"}},{\"@type\":\"WebSite\",\"@id\":\"https:\/\/marjan-workout.com\/#website\",\"url\":\"https:\/\/marjan-workout.com\/\",\"name\":\"Marjan Workout\",\"description\":\"\",\"publisher\":{\"@id\":\"https:\/\/marjan-workout.com\/#organization\"},\"potentialAction\":[{\"@type\":\"SearchAction\",\"target\":{\"@type\":\"EntryPoint\",\"urlTemplate\":\"https:\/\/marjan-workout.com\/?s={search_term_string}\"},\"query-input\":\"required name=search_term_string\"}],\"inLanguage\":\"en-US\"},{\"@type\":\"ImageObject\",\"@id\":\"https:\/\/marjan-workout.com\/en\/account\/#primaryimage\",\"inLanguage\":\"en-US\",\"url\":\"https:\/\/marjan-workout.com\/wp-content\/plugins\/miniorange-login-openid\/includes\/images\/icons\/g.png\",\"contentUrl\":\"https:\/\/marjan-workout.com\/wp-content\/plugins\/miniorange-login-openid\/includes\/images\/icons\/g.png\"},{\"@type\":\"WebPage\",\"@id\":\"https:\/\/marjan-workout.com\/en\/account\/#webpage\",\"url\":\"https:\/\/marjan-workout.com\/en\/account\/\",\"name\":\"Account | Marjan Workout\",\"isPartOf\":{\"@id\":\"https:\/\/marjan-workout.com\/#website\"},\"primaryImageOfPage\":{\"@id\":\"https:\/\/marjan-workout.com\/en\/account\/#primaryimage\"},\"datePublished\":\"2015-11-20T09:22:44+00:00\",\"dateModified\":\"2022-02-28T07:02:16+00:00\",\"breadcrumb\":{\"@id\":\"https:\/\/marjan-workout.com\/en\/account\/#breadcrumb\"},\"inLanguage\":\"en-US\",\"potentialAction\":[{\"@type\":\"ReadAction\",\"target\":[\"https:\/\/marjan-workout.com\/en\/account\/\"]}]},{\"@type\":\"BreadcrumbList\",\"@id\":\"https:\/\/marjan-workout.com\/en\/account\/#breadcrumb\",\"itemListElement\":[{\"@type\":\"ListItem\",\"position\":1,\"name\":\"Po\u010detna stranica\",\"item\":\"https:\/\/marjan-workout.com\/en\/\"},{\"@type\":\"ListItem\",\"position\":2,\"name\":\"Account\"}]}]}<\/script>\n<!-- \/ Yoast SEO plugin. -->","yoast_head_json":{"title":"Account | Marjan Workout","robots":{"index":"noindex","follow":"nofollow"},"og_locale":"en_US","og_type":"article","og_title":"Account | Marjan Workout","og_description":"Prijavi se s postoje\u0107im ra\u010dunom. Korisni\u010dko ime ili email Lozinka Connect with Login with Facebook Login with Google Jesi li zaboravio svoju lozinku? Zapamti moju prijavu   Jo\u0161 se nisi prijavio? Registriraj se","og_url":"https:\/\/marjan-workout.com\/en\/account\/","og_site_name":"Marjan Workout","article_publisher":"https:\/\/www.facebook.com\/marjanparksuma\/","article_modified_time":"2022-02-28T07:02:16+00:00","og_image":[{"url":"https:\/\/marjan-workout.com\/wp-content\/plugins\/miniorange-login-openid\/includes\/images\/icons\/g.png"}],"twitter_card":"summary_large_image","twitter_misc":{"Est. reading time":"1 minute"},"schema":{"@context":"https:\/\/schema.org","@graph":[{"@type":"Organization","@id":"https:\/\/marjan-workout.com\/#organization","name":"Marjan Workout","url":"https:\/\/marjan-workout.com\/","sameAs":["https:\/\/www.facebook.com\/marjanparksuma\/","https:\/\/www.instagram.com\/marjanparksuma\/","https:\/\/www.youtube.com\/channel\/UCaRxYs_df7MX6cSz2CQ9vaQ"],"logo":{"@type":"ImageObject","@id":"https:\/\/marjan-workout.com\/#logo","inLanguage":"en-US","url":"https:\/\/marjan-workout.com\/wp-content\/uploads\/2022\/01\/Marjan-Workout-Logo.svg","contentUrl":"https:\/\/marjan-workout.com\/wp-content\/uploads\/2022\/01\/Marjan-Workout-Logo.svg","width":140,"height":45,"caption":"Marjan Workout"},"image":{"@id":"https:\/\/marjan-workout.com\/#logo"}},{"@type":"WebSite","@id":"https:\/\/marjan-workout.com\/#website","url":"https:\/\/marjan-workout.com\/","name":"Marjan Workout","description":"","publisher":{"@id":"https:\/\/marjan-workout.com\/#organization"},"potentialAction":[{"@type":"SearchAction","target":{"@type":"EntryPoint","urlTemplate":"https:\/\/marjan-workout.com\/?s={search_term_string}"},"query-input":"required name=search_term_string"}],"inLanguage":"en-US"},{"@type":"ImageObject","@id":"https:\/\/marjan-workout.com\/en\/account\/#primaryimage","inLanguage":"en-US","url":"https:\/\/marjan-workout.com\/wp-content\/plugins\/miniorange-login-openid\/includes\/images\/icons\/g.png","contentUrl":"https:\/\/marjan-workout.com\/wp-content\/plugins\/miniorange-login-openid\/includes\/images\/icons\/g.png"},{"@type":"WebPage","@id":"https:\/\/marjan-workout.com\/en\/account\/#webpage","url":"https:\/\/marjan-workout.com\/en\/account\/","name":"Account | Marjan Workout","isPartOf":{"@id":"https:\/\/marjan-workout.com\/#website"},"primaryImageOfPage":{"@id":"https:\/\/marjan-workout.com\/en\/account\/#primaryimage"},"datePublished":"2015-11-20T09:22:44+00:00","dateModified":"2022-02-28T07:02:16+00:00","breadcrumb":{"@id":"https:\/\/marjan-workout.com\/en\/account\/#breadcrumb"},"inLanguage":"en-US","potentialAction":[{"@type":"ReadAction","target":["https:\/\/marjan-workout.com\/en\/account\/"]}]},{"@type":"BreadcrumbList","@id":"https:\/\/marjan-workout.com\/en\/account\/#breadcrumb","itemListElement":[{"@type":"ListItem","position":1,"name":"Po\u010detna stranica","item":"https:\/\/marjan-workout.com\/en\/"},{"@type":"ListItem","position":2,"name":"Account"}]}]}},"_links":{"self":[{"href":"https:\/\/marjan-workout.com\/en\/wp-json\/wp\/v2\/pages\/8300","targetHints":{"allow":["GET"]}}],"collection":[{"href":"https:\/\/marjan-workout.com\/en\/wp-json\/wp\/v2\/pages"}],"about":[{"href":"https:\/\/marjan-workout.com\/en\/wp-json\/wp\/v2\/types\/page"}],"author":[{"embeddable":true,"href":"https:\/\/marjan-workout.com\/en\/wp-json\/wp\/v2\/users\/10"}],"replies":[{"embeddable":true,"href":"https:\/\/marjan-workout.com\/en\/wp-json\/wp\/v2\/comments?post=8300"}],"version-history":[{"count":2,"href":"https:\/\/marjan-workout.com\/en\/wp-json\/wp\/v2\/pages\/8300\/revisions"}],"predecessor-version":[{"id":8780,"href":"https:\/\/marjan-workout.com\/en\/wp-json\/wp\/v2\/pages\/8300\/revisions\/8780"}],"wp:attachment":[{"href":"https:\/\/marjan-workout.com\/en\/wp-json\/wp\/v2\/media?parent=8300"}],"curies":[{"name":"wp","href":"https:\/\/api.w.org\/{rel}","templated":true}]}}